{"id":177,"date":"2024-03-29T11:58:47","date_gmt":"2024-03-29T08:58:47","guid":{"rendered":"https:\/\/www.bitlismasajsalonu.com\/?page_id=177"},"modified":"2024-03-29T11:58:47","modified_gmt":"2024-03-29T08:58:47","slug":"masaj-cesitleri","status":"publish","type":"page","link":"https:\/\/www.bitlismasajsalonu.com\/index.php\/masaj-cesitleri\/","title":{"rendered":"MASAJ \u00c7E\u015e\u0130TLER\u0130"},"content":{"rendered":"<p><img decoding=\"async\" loading=\"lazy\" class=\"wp-image-156 size-large aligncenter\" src=\"https:\/\/www.bitlismasajsalonu.com\/wp-content\/uploads\/2016\/11\/WhatsApp-Image-2024-03-28-at-09.02.19-2-768x1024.jpeg\" alt=\"\" width=\"768\" height=\"1024\" srcset=\"https:\/\/www.bitlismasajsalonu.com\/wp-content\/uploads\/2016\/11\/WhatsApp-Image-2024-03-28-at-09.02.19-2-768x1024.jpeg 768w, https:\/\/www.bitlismasajsalonu.com\/wp-content\/uploads\/2016\/11\/WhatsApp-Image-2024-03-28-at-09.02.19-2-225x300.jpeg 225w, https:\/\/www.bitlismasajsalonu.com\/wp-content\/uploads\/2016\/11\/WhatsApp-Image-2024-03-28-at-09.02.19-2-1152x1536.jpeg 1152w, https:\/\/www.bitlismasajsalonu.com\/wp-content\/uploads\/2016\/11\/WhatsApp-Image-2024-03-28-at-09.02.19-2.jpeg 1200w\" sizes=\"(max-width: 768px) 100vw, 768px\" \/><\/p>\n<p style=\"text-align: center;\"><img decoding=\"async\" loading=\"lazy\" class=\"alignnone size-full wp-image-158\" src=\"https:\/\/www.bitlismasajsalonu.com\/wp-content\/uploads\/2016\/11\/WhatsApp-Image-2024-03-28-at-09.02.19.jpeg\" alt=\"\" width=\"489\" height=\"627\" srcset=\"https:\/\/www.bitlismasajsalonu.com\/wp-content\/uploads\/2016\/11\/WhatsApp-Image-2024-03-28-at-09.02.19.jpeg 489w, https:\/\/www.bitlismasajsalonu.com\/wp-content\/uploads\/2016\/11\/WhatsApp-Image-2024-03-28-at-09.02.19-234x300.jpeg 234w\" sizes=\"(max-width: 489px) 100vw, 489px\" \/><\/p>\n","protected":false},"excerpt":{"rendered":"","protected":false},"author":1,"featured_media":0,"parent":0,"menu_order":0,"comment_status":"closed","ping_status":"closed","template":"","meta":[],"_links":{"self":[{"href":"https:\/\/www.bitlismasajsalonu.com\/index.php\/wp-json\/wp\/v2\/pages\/177"}],"collection":[{"href":"https:\/\/www.bitlismasajsalonu.com\/index.php\/wp-json\/wp\/v2\/pages"}],"about":[{"href":"https:\/\/www.bitlismasajsalonu.com\/index.php\/wp-json\/wp\/v2\/types\/page"}],"author":[{"embeddable":true,"href":"https:\/\/www.bitlismasajsalonu.com\/index.php\/wp-json\/wp\/v2\/users\/1"}],"replies":[{"embeddable":true,"href":"https:\/\/www.bitlismasajsalonu.com\/index.php\/wp-json\/wp\/v2\/comments?post=177"}],"version-history":[{"count":1,"href":"https:\/\/www.bitlismasajsalonu.com\/index.php\/wp-json\/wp\/v2\/pages\/177\/revisions"}],"predecessor-version":[{"id":178,"href":"https:\/\/www.bitlismasajsalonu.com\/index.php\/wp-json\/wp\/v2\/pages\/177\/revisions\/178"}],"wp:attachment":[{"href":"https:\/\/www.bitlismasajsalonu.com\/index.php\/wp-json\/wp\/v2\/media?parent=177"}],"curies":[{"name":"wp","href":"https:\/\/api.w.org\/{rel}","templated":true}]}}