{"id":122,"date":"2016-11-22T07:42:05","date_gmt":"2016-11-22T07:42:05","guid":{"rendered":"https:\/\/raratheme.com\/preview\/spa-and-salon\/?page_id=121"},"modified":"2024-03-29T11:54:33","modified_gmt":"2024-03-29T08:54:33","slug":"hakkimizda","status":"publish","type":"page","link":"https:\/\/www.bitlismasajsalonu.com\/index.php\/hakkimizda\/","title":{"rendered":"Hakk\u0131m\u0131zda"},"content":{"rendered":"<p>&nbsp;<\/p>\n<p><img decoding=\"async\" loading=\"lazy\" class=\"size-medium wp-image-154 alignleft\" src=\"https:\/\/www.bitlismasajsalonu.com\/wp-content\/uploads\/2016\/11\/WhatsApp-Image-2024-03-28-at-09.02.20-1-225x300.jpeg\" alt=\"\" width=\"225\" height=\"300\" srcset=\"https:\/\/www.bitlismasajsalonu.com\/wp-content\/uploads\/2016\/11\/WhatsApp-Image-2024-03-28-at-09.02.20-1-225x300.jpeg 225w, https:\/\/www.bitlismasajsalonu.com\/wp-content\/uploads\/2016\/11\/WhatsApp-Image-2024-03-28-at-09.02.20-1-768x1024.jpeg 768w, https:\/\/www.bitlismasajsalonu.com\/wp-content\/uploads\/2016\/11\/WhatsApp-Image-2024-03-28-at-09.02.20-1-1152x1536.jpeg 1152w, https:\/\/www.bitlismasajsalonu.com\/wp-content\/uploads\/2016\/11\/WhatsApp-Image-2024-03-28-at-09.02.20-1.jpeg 1200w\" sizes=\"(max-width: 225px) 100vw, 225px\" \/><\/p>\n<p>Bitlis Merit Hamam, SPA, Masaj ve Terapi Merkezi olarak yo\u011fun i\u015f hayat\u0131n\u0131n bedeninize y\u00fckledi\u011fi stres, yorgunluk ve kayg\u0131lar ruhunuzu y\u0131prat\u0131rken, e\u011fitimli, deneyimli ve titiz kadromuzla size uygulayabilece\u011fimiz masaj \u00e7e\u015fitleri ve v\u00fccut bak\u0131mlar\u0131 size bedensel yenilenme ve ruhsal ar\u0131nd\u0131rma sa\u011flayacakt\u0131r.<\/p>\n<p>Bitlis Merit Hamam, SPA, Masaj ve Terapi Merkezi haftan\u0131n 7 g\u00fcn\u00fc 08:00 \u2013 24:00 aras\u0131 \u00f6zel masaj hizmeti vermektedir. Bitlis&#8217;in en \u00f6zel Masaj ve Sauna Merkezi olan Bitlis Merit Hamam, SPA, Masaj ve Terapi Merkezi Bitlis\u2019in de en b\u00fcy\u00fck Spa Merkezi\u2019ne sahiptir.<\/p>\n<p>Bitlis&#8217;te en \u00e7ok masaj \u00e7e\u015fidine tek bir yerde ula\u015fabilirsiniz. Kendinize \u00f6zel bir saat ay\u0131r\u0131n ve rahatlay\u0131n. Teknolojik donan\u0131m\u0131yla, temizlik ve hijyeni en \u00fcst seviyede tutarak m\u00fc\u015fterilerine konfor ve moderni sunan Bitlis Merit Hamam, SPA, Masaj ve Terapi Merkezi ayn\u0131 zamanda b\u00fcnyesinde T\u00fcrk Hamam\u0131 bulunduran tek masaj salonudur.<\/p>\n<p>Bitlis&#8217;te bulunan ve tamamen m\u00fc\u015fteri odakl\u0131 \u00e7al\u0131\u015fan Bitlis Merit Hamam, SPA, Masaj ve Terapi Merkezi randevulu olarak \u00e7al\u0131\u015fmaktad\u0131r. L\u00fctfen gelmeden \u00f6nce randevunuzu al\u0131n ve kendinizi vakit ay\u0131r\u0131n.<\/p>\n<p><img decoding=\"async\" loading=\"lazy\" class=\"alignnone size-medium wp-image-153\" src=\"https:\/\/www.bitlismasajsalonu.com\/wp-content\/uploads\/2016\/11\/WhatsApp-Image-2024-03-28-at-09.02.20-2-225x300.jpeg\" alt=\"\" width=\"225\" height=\"300\" srcset=\"https:\/\/www.bitlismasajsalonu.com\/wp-content\/uploads\/2016\/11\/WhatsApp-Image-2024-03-28-at-09.02.20-2-225x300.jpeg 225w, https:\/\/www.bitlismasajsalonu.com\/wp-content\/uploads\/2016\/11\/WhatsApp-Image-2024-03-28-at-09.02.20-2-768x1024.jpeg 768w, https:\/\/www.bitlismasajsalonu.com\/wp-content\/uploads\/2016\/11\/WhatsApp-Image-2024-03-28-at-09.02.20-2-1152x1536.jpeg 1152w, https:\/\/www.bitlismasajsalonu.com\/wp-content\/uploads\/2016\/11\/WhatsApp-Image-2024-03-28-at-09.02.20-2.jpeg 1200w\" sizes=\"(max-width: 225px) 100vw, 225px\" \/> <img decoding=\"async\" loading=\"lazy\" class=\"alignnone size-medium wp-image-155\" src=\"https:\/\/www.bitlismasajsalonu.com\/wp-content\/uploads\/2016\/11\/WhatsApp-Image-2024-03-28-at-09.02.20-225x300.jpeg\" alt=\"\" width=\"225\" height=\"300\" srcset=\"https:\/\/www.bitlismasajsalonu.com\/wp-content\/uploads\/2016\/11\/WhatsApp-Image-2024-03-28-at-09.02.20-225x300.jpeg 225w, https:\/\/www.bitlismasajsalonu.com\/wp-content\/uploads\/2016\/11\/WhatsApp-Image-2024-03-28-at-09.02.20-768x1024.jpeg 768w, https:\/\/www.bitlismasajsalonu.com\/wp-content\/uploads\/2016\/11\/WhatsApp-Image-2024-03-28-at-09.02.20-1152x1536.jpeg 1152w, https:\/\/www.bitlismasajsalonu.com\/wp-content\/uploads\/2016\/11\/WhatsApp-Image-2024-03-28-at-09.02.20.jpeg 1200w\" sizes=\"(max-width: 225px) 100vw, 225px\" \/> <img decoding=\"async\" loading=\"lazy\" class=\"alignnone size-medium wp-image-150\" src=\"https:\/\/www.bitlismasajsalonu.com\/wp-content\/uploads\/2016\/11\/WhatsApp-Image-2024-03-28-at-09.02.21-169x300.jpeg\" alt=\"\" width=\"169\" height=\"300\" srcset=\"https:\/\/www.bitlismasajsalonu.com\/wp-content\/uploads\/2016\/11\/WhatsApp-Image-2024-03-28-at-09.02.21-169x300.jpeg 169w, https:\/\/www.bitlismasajsalonu.com\/wp-content\/uploads\/2016\/11\/WhatsApp-Image-2024-03-28-at-09.02.21.jpeg 416w\" sizes=\"(max-width: 169px) 100vw, 169px\" \/><\/p>\n","protected":false},"excerpt":{"rendered":"<p>&nbsp; Bitlis Merit Hamam, SPA, Masaj ve Terapi Merkezi olarak yo\u011fun i\u015f hayat\u0131n\u0131n bedeninize y\u00fckledi\u011fi stres, yorgunluk ve kayg\u0131lar ruhunuzu y\u0131prat\u0131rken, e\u011fitimli, deneyimli ve titiz kadromuzla size uygulayabilece\u011fimiz masaj \u00e7e\u015fitleri ve v\u00fccut bak\u0131mlar\u0131 size bedensel yenilenme ve ruhsal ar\u0131nd\u0131rma sa\u011flayacakt\u0131r. Bitlis Merit Hamam, SPA, Masaj ve Terapi Merkezi haftan\u0131n 7 g\u00fcn\u00fc 08:00 \u2013 24:00 aras\u0131 &hellip; <\/p>\n","protected":false},"author":1,"featured_media":155,"parent":0,"menu_order":0,"comment_status":"closed","ping_status":"closed","template":"","meta":[],"_links":{"self":[{"href":"https:\/\/www.bitlismasajsalonu.com\/index.php\/wp-json\/wp\/v2\/pages\/122"}],"collection":[{"href":"https:\/\/www.bitlismasajsalonu.com\/index.php\/wp-json\/wp\/v2\/pages"}],"about":[{"href":"https:\/\/www.bitlismasajsalonu.com\/index.php\/wp-json\/wp\/v2\/types\/page"}],"author":[{"embeddable":true,"href":"https:\/\/www.bitlismasajsalonu.com\/index.php\/wp-json\/wp\/v2\/users\/1"}],"replies":[{"embeddable":true,"href":"https:\/\/www.bitlismasajsalonu.com\/index.php\/wp-json\/wp\/v2\/comments?post=122"}],"version-history":[{"count":3,"href":"https:\/\/www.bitlismasajsalonu.com\/index.php\/wp-json\/wp\/v2\/pages\/122\/revisions"}],"predecessor-version":[{"id":171,"href":"https:\/\/www.bitlismasajsalonu.com\/index.php\/wp-json\/wp\/v2\/pages\/122\/revisions\/171"}],"wp:featuredmedia":[{"embeddable":true,"href":"https:\/\/www.bitlismasajsalonu.com\/index.php\/wp-json\/wp\/v2\/media\/155"}],"wp:attachment":[{"href":"https:\/\/www.bitlismasajsalonu.com\/index.php\/wp-json\/wp\/v2\/media?parent=122"}],"curies":[{"name":"wp","href":"https:\/\/api.w.org\/{rel}","templated":true}]}}